{"id":1357,"date":"2018-06-21T20:42:08","date_gmt":"2018-06-21T20:42:08","guid":{"rendered":"https:\/\/www.experta.com.ar\/?page_id=1357"},"modified":"2022-06-07T15:45:53","modified_gmt":"2022-06-07T18:45:53","slug":"areapyme","status":"publish","type":"page","link":"https:\/\/experta.urlconceptsite.com\/art\/areapyme\/","title":{"rendered":"Area Pyme"},"content":{"rendered":"<div class=\"wpb-content-wrapper\"><p>[vc_row el_class=&#8221;hidden-xs hidden-sm&#8221;][vc_column][bauhaus_header_slider_white alias_slider=&#8221;home-pymes&#8221;][\/vc_column][\/vc_row][vc_row][vc_column][vc_empty_space height=&#8221;35px&#8221;][\/vc_column][\/vc_row][vc_row el_class=&#8221;container home-productores-columns&#8221;][vc_column el_class=&#8221;text-center&#8221;][vc_column_text el_class=&#8221; hidden-xs hidden-sm&#8221;]<strong><span style=\"color: #00538a; font-size: 21px; line-height: 22px;\">UN SERVICIO DIFERENCIAL ACORDE A TUS NECESIDADES<\/span><\/strong>[\/vc_column_text][vc_column_text el_class=&#8221; visible-xs visible-sm&#8221;]<strong><span style=\"color: #00538a; font-size: 21px; line-height: 22px;\">UN SERVICIO DIFERENCIAL ACORDE A TUS NECESIDADES<\/span><\/strong>[\/vc_column_text][\/vc_column][\/vc_row][vc_row el_class=&#8221;container home-productores-columns&#8221;][vc_column width=&#8221;1\/2&#8243; css=&#8221;.vc_custom_1531834529005{margin-left: 0px !important;}&#8221;][vc_row_inner el_class=&#8221;pyme-title&#8221;][vc_column_inner][vc_column_text el_class=&#8221;hidden-xs&#8221; css=&#8221;.vc_custom_1531834563605{margin-left: 0px !important;}&#8221;]<img loading=\"lazy\" decoding=\"async\" style=\"vertical-align: top;\" src=\"http:\/\/test.quares.com.ar:8095\/wp-content\/uploads\/2018\/06\/te-protejo-2.png\" alt=\"\" width=\"61\" height=\"60\" \/><span style=\"font-size: 47px; font-weight: 500; color: #f8c421; line-height: 47px;\">\u00a0TE PROTEJO<\/span>[\/vc_column_text][vc_column_text el_class=&#8221;visible-xs&#8221;]<img loading=\"lazy\" decoding=\"async\" style=\"vertical-align: top; margin-left: 0px;\" src=\"http:\/\/test.quares.com.ar:8095\/wp-content\/uploads\/2018\/06\/te-protejo-2.png\" alt=\"\" width=\"50\" height=\"50\" \/><span style=\"font-size: 30px; font-weight: 500; color: #f8c421; line-height: 47px;\">\u00a0TE PROTEJO<\/span>[\/vc_column_text][\/vc_column_inner][\/vc_row_inner][\/vc_column][vc_column width=&#8221;1\/2&#8243;][vc_column_text]<span style=\"font-size: 22px; line-height: 20px;\">Protegemos tu negocio ayud\u00e1ndote a construir<br \/>\nespacios de trabajo sanos y seguros.<\/span>[\/vc_column_text][\/vc_column][\/vc_row][vc_row el_class=&#8221;container home-productores-columns&#8221;][vc_column width=&#8221;1\/2&#8243;][vc_column_text el_class=&#8221;home-light-orange arrow-right&#8221;]<a class=\"home-title\" href=\"\/art\/prevencion\">TRABAJAMOS EN <strong>PREVENCI\u00d3N<\/strong><\/a>[\/vc_column_text][vc_column_text]Asesoramiento integral para cumplir con las normativas y construir ambientes laborales sanos y seguros.[\/vc_column_text][\/vc_column][vc_column width=&#8221;1\/2&#8243;][vc_column_text el_class=&#8221;home-light-orange arrow-right&#8221;]<a class=\"home-title\" href=\"\/art\/capacitacion\">CONOC\u00c9 NUESTRAS <strong>CAPACITACIONES<\/strong><\/a>[\/vc_column_text][vc_column_text]Apoyo en la capacitaci\u00f3n de tus trabajadores para prevenir Riesgos del Trabajo. Virtual o presencial.[\/vc_column_text][\/vc_column][\/vc_row][vc_row el_class=&#8221;home-productores-columns background-gray&#8221;][vc_column][vc_empty_space height=&#8221;39px&#8221;][vc_row_inner el_class=&#8221;container home-productores-columns&#8221;][vc_column_inner width=&#8221;1\/2&#8243;][vc_column_text el_class=&#8221;hidden-xs&#8221;]<img loading=\"lazy\" decoding=\"async\" style=\"vertical-align: top;\" src=\"http:\/\/test.quares.com.ar:8095\/wp-content\/uploads\/2018\/06\/te-cubro-2.png\" alt=\"\" width=\"61\" height=\"58\" \/><span style=\"font-size: 47px; font-weight: 500; color: #1d9cd8; line-height: 47px;\">\u00a0TE CUBRO<\/span>[\/vc_column_text][vc_column_text el_class=&#8221;visible-xs&#8221;]<img loading=\"lazy\" decoding=\"async\" style=\"vertical-align: top; margin-left: 0px;\" src=\"http:\/\/test.quares.com.ar:8095\/wp-content\/uploads\/2018\/06\/te-cubro-2.png\" alt=\"\" width=\"50\" height=\"50\" \/><span style=\"font-size: 30px; font-weight: 500; color: #1d9cd8; line-height: 47px;\">\u00a0TE CUBRO<\/span>[\/vc_column_text][\/vc_column_inner][vc_column_inner width=&#8221;1\/2&#8243;][vc_column_text]<span style=\"font-size: 22px; line-height: 20px;\">Nuestro Centro de Emergencias M\u00e9dicas coordina una amplia red de cobertura integrada por sanatorios, centros m\u00e9dicos y ambulancias, para brindarte el mejor servicio.<\/span>[\/vc_column_text][\/vc_column_inner][\/vc_row_inner][vc_row_inner el_class=&#8221;container home-productores-columns&#8221;][vc_column_inner width=&#8221;1\/2&#8243;][vc_column_text el_class=&#8221;home-celeste arrow-right&#8221;]<a class=\"home-title\" href=\"\/art\/que-hacer-en-caso-de-accidente\">\u00bfQU\u00c9 HACER EN CASO <strong>DE ACCIDENTE<\/strong>?<\/a>[\/vc_column_text][\/vc_column_inner][vc_column_inner width=&#8221;1\/2&#8243;][vc_single_image image=&#8221;3671&#8243; img_size=&#8221;full&#8221;][\/vc_column_inner][\/vc_row_inner][vc_empty_space height=&#8221;39px&#8221; el_class=&#8221;hidden-xs hidden-sm&#8221;][\/vc_column][\/vc_row][vc_row][vc_column][vc_empty_space height=&#8221;60px&#8221; el_class=&#8221;hidden-xs hidden-sm&#8221;][\/vc_column][\/vc_row][vc_row el_class=&#8221;container home-productores-columns&#8221;][vc_column width=&#8221;1\/2&#8243;][vc_row_inner el_class=&#8221;pyme-title&#8221;][vc_column_inner][vc_column_text el_class=&#8221;hidden-xs&#8221;]<img loading=\"lazy\" decoding=\"async\" style=\"vertical-align: top;\" src=\"http:\/\/test.quares.com.ar:8095\/wp-content\/uploads\/2018\/06\/te-acompano-2.png\" alt=\"\" width=\"63\" height=\"58\" \/>\u00a0<span style=\"font-size: 47px; font-weight: 500; color: #329d70; line-height: 47px;\">TE ACOMPA\u00d1O<\/span>[\/vc_column_text][vc_column_text el_class=&#8221;visible-xs&#8221;]<img loading=\"lazy\" decoding=\"async\" style=\"vertical-align: top; margin-left: 0px;\" src=\"http:\/\/test.quares.com.ar:8095\/wp-content\/uploads\/2018\/06\/te-acompano-2.png\" alt=\"\" width=\"50\" height=\"50\" \/>\u00a0<span style=\"font-size: 30px; font-weight: 500; color: #329d70; line-height: 47px;\">TE ACOMPA\u00d1O<\/span>[\/vc_column_text][\/vc_column_inner][\/vc_row_inner][\/vc_column][vc_column width=&#8221;1\/2&#8243;][vc_column_text]<span style=\"font-size: 22px; line-height: 20px;\">Estar cerca, para brindarte una soluci\u00f3n a tiempo y que tu prioridad sea tu negocio.<\/span>[\/vc_column_text][\/vc_column][\/vc_row][vc_row el_class=&#8221;container home-productores-columns&#8221;][vc_column width=&#8221;1\/2&#8243;][vc_column_text el_class=&#8221;home-green art-online-icon show-login-pop-up&#8221;]<\/p>\n<p><a class=\"home-title\" href=\"#\">INGRES\u00c1 A <strong>ART ONLINE<\/strong><\/a><\/p>\n<p>[\/vc_column_text][vc_column_text]Todas las gestiones de tu cobertura de Riesgos del Trabajo a trav\u00e9s de nuestra oficina virtual.[\/vc_column_text][vc_column_text el_class=&#8221;home-green arrow-right&#8221;]<a class=\"home-title\" href=\"\/donde-estamos\">BUSC\u00c1 LA <strong>SUCURSAL<\/strong> M\u00c1S CERCANA<\/a>[\/vc_column_text][vc_column_text]Estamos cerca, con sucursales en todo el pa\u00eds, para que nuestros profesionales puedan ayudarte.[\/vc_column_text][\/vc_column][vc_column width=&#8221;1\/2&#8243;][vc_column_text el_class=&#8221;home-green arrow-right&#8221;]<a class=\"home-title\" href=\"https:\/\/www.experta.com.ar\/appclientes\" target=\"_blank\" rel=\"noopener\">DESCARG\u00c1 LA <strong>APP<\/strong><\/a>[\/vc_column_text][vc_column_text]<\/p>\n<p style=\"margin-bottom: 0px;\">Una herramienta de gesti\u00f3n y consulta para hacer las cosas m\u00e1s simples.<\/p>\n<ul>\n<li>Visualiz\u00e1 los siniestros, conoc\u00e9 su estado y segu\u00ed su evoluci\u00f3n.<\/li>\n<li>Consult\u00e1 informaci\u00f3n de tu contrato y administr\u00e1 tu cobertura.<\/li>\n<li>Emit\u00ed y descarg\u00e1: certificados, cl\u00e1usula de no repetici\u00f3n, credenciales y estado de cuenta corriente en tiempo real.<\/li>\n<\/ul>\n<p>[\/vc_column_text][vc_column_text]<a href=\"https:\/\/play.google.com\/store\/apps\/details?id=com.expertaart.clientes\" target=\"_blank\" rel=\"noopener\"><img loading=\"lazy\" decoding=\"async\" data-attachment-id=\"3677\" data-permalink=\"https:\/\/experta.urlconceptsite.com\/art\/areapyme\/group-27\/\" data-orig-file=\"https:\/\/experta.urlconceptsite.com\/art\/wp-content\/uploads\/2019\/06\/group-27.jpg\" data-orig-size=\"185,56\" data-comments-opened=\"1\" data-image-meta=\"{&quot;aperture&quot;:&quot;0&quot;,&quot;credit&quot;:&quot;&quot;,&quot;camera&quot;:&quot;&quot;,&quot;caption&quot;:&quot;&quot;,&quot;created_timestamp&quot;:&quot;0&quot;,&quot;copyright&quot;:&quot;&quot;,&quot;focal_length&quot;:&quot;0&quot;,&quot;iso&quot;:&quot;0&quot;,&quot;shutter_speed&quot;:&quot;0&quot;,&quot;title&quot;:&quot;&quot;,&quot;orientation&quot;:&quot;0&quot;}\" data-image-title=\"group-27\" data-image-description=\"\" data-image-caption=\"\" data-medium-file=\"https:\/\/experta.urlconceptsite.com\/art\/wp-content\/uploads\/2019\/06\/group-27.jpg\" data-large-file=\"https:\/\/experta.urlconceptsite.com\/art\/wp-content\/uploads\/2019\/06\/group-27.jpg\" class=\"alignnone wp-image-3677\" src=\"https:\/\/www.experta.com.ar\/art\/wp-content\/uploads\/sites\/3\/2019\/06\/group-27.jpg\" alt=\"\" width=\"150\" height=\"45\" \/><\/a>\u00a0 \u00a0 \u00a0<a href=\"https:\/\/itunes.apple.com\/app\/id1312968574?mt=8\" target=\"_blank\" rel=\"noopener\"><img loading=\"lazy\" decoding=\"async\" data-attachment-id=\"3679\" data-permalink=\"https:\/\/experta.urlconceptsite.com\/art\/areapyme\/group-28\/\" data-orig-file=\"https:\/\/experta.urlconceptsite.com\/art\/wp-content\/uploads\/2019\/06\/group-28.jpg\" data-orig-size=\"185,56\" data-comments-opened=\"1\" data-image-meta=\"{&quot;aperture&quot;:&quot;0&quot;,&quot;credit&quot;:&quot;&quot;,&quot;camera&quot;:&quot;&quot;,&quot;caption&quot;:&quot;&quot;,&quot;created_timestamp&quot;:&quot;0&quot;,&quot;copyright&quot;:&quot;&quot;,&quot;focal_length&quot;:&quot;0&quot;,&quot;iso&quot;:&quot;0&quot;,&quot;shutter_speed&quot;:&quot;0&quot;,&quot;title&quot;:&quot;&quot;,&quot;orientation&quot;:&quot;0&quot;}\" data-image-title=\"group-28\" data-image-description=\"\" data-image-caption=\"\" data-medium-file=\"https:\/\/experta.urlconceptsite.com\/art\/wp-content\/uploads\/2019\/06\/group-28.jpg\" data-large-file=\"https:\/\/experta.urlconceptsite.com\/art\/wp-content\/uploads\/2019\/06\/group-28.jpg\" class=\"alignnone wp-image-3679\" src=\"https:\/\/www.experta.com.ar\/art\/wp-content\/uploads\/sites\/3\/2019\/06\/group-28.jpg\" alt=\"\" width=\"149\" height=\"45\" \/><\/a>[\/vc_column_text][\/vc_column][\/vc_row][vc_row][vc_column][vc_raw_html]JTNDZGl2JTIwY2xhc3MlM0QlMjJ3cGJfc2luZ2xlX2ltYWdlJTIwd3BiX2NvbnRlbnRfZWxlbWVudCUyMHZjX2FsaWduX2xlZnQlMjAlMjAlMjBjb3RpemEtZmxvYXQtcmlnaHQlMjIlM0UlMEElMDklMDklMEElMDklMDklM0NmaWd1cmUlMjBjbGFzcyUzRCUyMndwYl93cmFwcGVyJTIwdmNfZmlndXJlJTIyJTNFJTBBJTA5JTA5JTA5JTNDYSUyMGhyZWYlM0QlMjIlMkZhcnQlMkZzb2xpY2l0YXItY290aXphY2lvbiUyMiUyMHRhcmdldCUzRCUyMl9ibGFuayUyMiUyMGNsYXNzJTNEJTIydmNfc2luZ2xlX2ltYWdlLXdyYXBwZXIlMjB2Y19ib3hfYm9yZGVyX2dyZXklMjIlM0UlM0NpbWclMjBpZCUzRCUyMmNvdGl6YS1mbG90YW50ZSUyMiUyMHdpZHRoJTNEJTIyMTEzJTIyJTIwaGVpZ2h0JTNEJTIyMTI5JTIyJTIwc3JjJTNEJTIyJTVDd3AtY29udGVudCU1Q3RoZW1lcyU1Q2JhdWhhdXMtYXJ0LWNoaWxkJTVDaWNvbiU1Q2NvdGl6YS5zdmclMjIlMjBjbGFzcyUzRCUyMnZjX3NpbmdsZV9pbWFnZS1pbWclMjBhdHRhY2htZW50LWZ1bGwlMjIlMjBhbHQlM0QlMjIlMjIlM0UlM0MlMkZhJTNFJTBBJTA5JTA5JTNDJTJGZmlndXJlJTNFJTBBJTA5JTNDJTJGZGl2JTNF[\/vc_raw_html][\/vc_column][\/vc_row]<\/p>\n<\/div>","protected":false},"excerpt":{"rendered":"<p>[vc_row el_class=&#8221;container home-productores-columns&#8221;][vc_column width=&#8221;1\/2&#8243;][vc_column_text [&hellip;]<\/p>\n","protected":false},"author":1,"featured_media":0,"parent":0,"menu_order":0,"comment_status":"closed","ping_status":"closed","template":"template-fullwidth.php","meta":{"jetpack_post_was_ever_published":false,"footnotes":""},"class_list":["post-1357","page","type-page","status-publish","hentry"],"wps_subtitle":"","jetpack_sharing_enabled":true,"jetpack_shortlink":"https:\/\/wp.me\/PgePpP-lT","_links":{"self":[{"href":"https:\/\/experta.urlconceptsite.com\/art\/wp-json\/wp\/v2\/pages\/1357","targetHints":{"allow":["GET"]}}],"collection":[{"href":"https:\/\/experta.urlconceptsite.com\/art\/wp-json\/wp\/v2\/pages"}],"about":[{"href":"https:\/\/experta.urlconceptsite.com\/art\/wp-json\/wp\/v2\/types\/page"}],"author":[{"embeddable":true,"href":"https:\/\/experta.urlconceptsite.com\/art\/wp-json\/wp\/v2\/users\/1"}],"replies":[{"embeddable":true,"href":"https:\/\/experta.urlconceptsite.com\/art\/wp-json\/wp\/v2\/comments?post=1357"}],"version-history":[{"count":10,"href":"https:\/\/experta.urlconceptsite.com\/art\/wp-json\/wp\/v2\/pages\/1357\/revisions"}],"predecessor-version":[{"id":4576,"href":"https:\/\/experta.urlconceptsite.com\/art\/wp-json\/wp\/v2\/pages\/1357\/revisions\/4576"}],"wp:attachment":[{"href":"https:\/\/experta.urlconceptsite.com\/art\/wp-json\/wp\/v2\/media?parent=1357"}],"curies":[{"name":"wp","href":"https:\/\/api.w.org\/{rel}","templated":true}]}}