{"id":1215,"date":"2018-06-08T18:24:47","date_gmt":"2018-06-08T18:24:47","guid":{"rendered":"https:\/\/www.experta.com.ar\/?page_id=1215"},"modified":"2025-02-19T17:45:54","modified_gmt":"2025-02-19T20:45:54","slug":"prevencion","status":"publish","type":"page","link":"https:\/\/experta.urlconceptsite.com\/art\/prevencion\/","title":{"rendered":"Prevenci\u00f3n"},"content":{"rendered":"<div class=\"wpb-content-wrapper\"><p>[vc_row el_class=&#8221;container prevension no-p-left&#8221;][vc_column][vc_custom_heading text=&#8221;PREVENCI\u00d3N&#8221; font_container=&#8221;tag:h1|text_align:left|color:%23707070&#8243; use_theme_fonts=&#8221;yes&#8221; el_class=&#8221;title-desktop hidden-xs hidden-sm&#8221;][vc_custom_heading text=&#8221;PREVENCI\u00d3N&#8221; font_container=&#8221;tag:h4|text_align:left|color:%23707070&#8243; use_theme_fonts=&#8221;yes&#8221; el_class=&#8221;title-mobile visible-xs visible-sm&#8221; css=&#8221;.vc_custom_1739997680879{margin-top: 30px !important;}&#8221;][\/vc_column][\/vc_row][vc_row el_class=&#8221;container prevension&#8221;][vc_column][vc_column_text el_class=&#8221;prevension-desc line-height&#8221;]Trabajamos con la firme convicci\u00f3n de dar el mejor servicio, y <strong>entendemos a la tarea de\u00a0prevenci\u00f3n como el punto clave en nuestra gesti\u00f3n<\/strong>. Es nuestro valor agregado, lo que\u00a0nos diferencia como ART, y lo que avala nuestra experiencia de a\u00f1os al servicio de la\u00a0protecci\u00f3n. Contamos con un equipo de prevencionistas, profesionales de Higiene y\u00a0Seguridad, trabajando cerca de cada empresa y fomentando la cultura del cuidado.[\/vc_column_text][\/vc_column][\/vc_row][vc_row equal_height=&#8221;yes&#8221; el_class=&#8221;container prevension line-height display-flex mobile-full-width&#8221;][vc_column width=&#8221;1\/3&#8243; el_class=&#8221;col-md-4 min-height&#8221;][vc_column_text el_class=&#8221;bg-green col-title&#8221; css=&#8221;.vc_custom_1528486220509{margin-top: 0px !important;margin-bottom: 0px !important;padding-top: 1.5rem !important;padding-right: 1rem !important;padding-bottom: 1rem !important;padding-left: 1rem !important;}&#8221;]<\/p>\n<h5><span style=\"color: #ffffff;\">CAPACITACI\u00d3N<\/span><\/h5>\n<p>[\/vc_column_text][vc_column_text el_class=&#8221;bg-gray pre-line-green&#8221; css=&#8221;.vc_custom_1613134764705{margin-top: 0px !important;margin-bottom: 0px !important;padding-top: 3rem !important;padding-right: 1rem !important;padding-left: 1rem !important;}&#8221;]<\/p>\n<h6>PRESENCIAL<\/h6>\n<p>[\/vc_column_text][vc_column_text el_class=&#8221;bg-gray&#8221; css=&#8221;.vc_custom_1613134848851{margin-top: 0px !important;margin-bottom: 0px !important;padding-top: 1rem !important;padding-right: 1rem !important;padding-bottom: 1rem !important;padding-left: 1rem !important;}&#8221;]Brindamos actividades de capacitaci\u00f3n, sobre prevenci\u00f3n de riesgos del trabajo, a trav\u00e9s de profesionales especializados, y poniendo especial atenci\u00f3n al cumplimiento de los protocolos de seguridad frente al covid 19.<\/p>\n<p>Consultanos\u00a0a:\u00a0<a href=\"mailto:capacitacion@experta.com.ar\" target=\"_blank\" rel=\"noopener\">capacitacion@experta.com.ar<\/a>[\/vc_column_text][vc_column_text el_class=&#8221;bg-gray pre-line-green&#8221; css=&#8221;.vc_custom_1727108533820{margin-top: 0px !important;margin-bottom: 0px !important;padding-top: 2rem !important;padding-right: 1rem !important;padding-left: 1rem !important;}&#8221;]<\/p>\n<h6><a href=\"http:\/\/evc.experta.com.ar\/login\/index.php\" target=\"_blank\" rel=\"noopener\">VIRTUAL<\/a><\/h6>\n<p>[\/vc_column_text][vc_column_text el_class=&#8221;bg-gray&#8221; css=&#8221;.vc_custom_1727108574456{margin-top: 0px !important;margin-bottom: 0px !important;padding-top: 1rem !important;padding-right: 1rem !important;padding-bottom: 1rem !important;padding-left: 1rem !important;}&#8221;]Nuestro Espacio virtual de Capacitaci\u00f3n permite la\u00a0capacitaci\u00f3n desde el lugar de\u00a0trabajo, en el momento que lo\u00a0necesites.<\/p>\n<p>Consultanos\u00a0a: <a href=\"mailto:syhprevencion@experta.com.ar\" data-linkindex=\"2\">syhprevencion@experta.com.ar<\/a>[\/vc_column_text][\/vc_column][vc_column width=&#8221;1\/3&#8243; el_class=&#8221;col-md-4 min-height&#8221;][vc_column_text el_class=&#8221;bg-green col-title&#8221; css=&#8221;.vc_custom_1528485687270{margin-top: 0px !important;margin-bottom: 0px !important;padding-top: 1rem !important;padding-right: 1rem !important;padding-bottom: 1rem !important;padding-left: 1rem !important;}&#8221;]<\/p>\n<h5><span style=\"color: #ffffff;\">LABORATORIO DE HIGIENE<br \/>\nOCUPACIONAL (LHO)<\/span><\/h5>\n<p>[\/vc_column_text][vc_column_text el_class=&#8221;bg-gray pre-line-green&#8221; css=&#8221;.vc_custom_1536785982137{margin-top: 0px !important;margin-bottom: 0px !important;padding-top: 3rem !important;padding-right: 1rem !important;padding-left: 1rem !important;}&#8221;]Un espacio propio, con recursos t\u00e9cnicos y administrativos, y personal capacitado preparado para analizar los agentes contaminantes en el microclima laboral.[\/vc_column_text][vc_column_text el_class=&#8221;bg-gray&#8221; css=&#8221;.vc_custom_1528485642078{margin-top: 0px !important;margin-bottom: 0px !important;padding-top: 1rem !important;padding-right: 1rem !important;padding-left: 1rem !important;}&#8221;]Brindamos:[\/vc_column_text][vc_column_text el_class=&#8221;bg-gray&#8221; css=&#8221;.vc_custom_1529439636703{margin-top: 0px !important;margin-bottom: 0px !important;padding-top: 1rem !important;padding-right: 1rem !important;padding-bottom: 1rem !important;padding-left: 0px !important;}&#8221;]<\/p>\n<ul>\n<li>Asesoramiento t\u00e9cnico en el\u00a0marco de Higiene Ocupacional.<\/li>\n<li>Evaluaciones higi\u00e9nicas, realizadas bajo lineamientos normativos espec\u00edficos, y t\u00e9cnicas validadas de muestreos.<\/li>\n<\/ul>\n<p>&nbsp;<\/p>\n<p>[\/vc_column_text][\/vc_column][vc_column width=&#8221;1\/3&#8243; el_class=&#8221;col-md-4 min-height&#8221;][vc_column_text el_class=&#8221;bg-green col-title&#8221; css=&#8221;.vc_custom_1528486233293{margin-top: 0px !important;margin-bottom: 0px !important;padding-top: 1.5rem !important;padding-right: 1rem !important;padding-bottom: 1rem !important;padding-left: 1rem !important;}&#8221;]<\/p>\n<h5><span style=\"color: #ffffff;\">SERVICIOS Y PRODUCTOS<\/span><\/h5>\n<p>[\/vc_column_text][vc_column_text el_class=&#8221;bg-gray pre-line-green&#8221; css=&#8221;.vc_custom_1534859885181{margin-top: 0px !important;margin-bottom: 0px !important;padding-top: 3rem !important;padding-right: 1rem !important;padding-left: 1rem !important;}&#8221;]<\/p>\n<h6><a href=\"http:\/\/sga.experta.com.ar\/\" target=\"_blank\" rel=\"noopener\">SISTEMA GLOBALMENTE<br \/>\nARMONIZADO PARA CLASIFICACI\u00d3N Y ETIQUETADO DE PRODUCTOS QU\u00cdMICOS (SGA)<\/a><\/h6>\n<p>[\/vc_column_text][vc_column_text el_class=&#8221;bg-gray pre-line-green&#8221; css=&#8221;.vc_custom_1528488006372{margin-top: 0px !important;margin-bottom: 0px !important;padding-top: 2rem !important;padding-right: 1rem !important;padding-left: 1rem !important;}&#8221;]<\/p>\n<h6>PROGRAMA DE CARDIO PROTECCI\u00d3N<\/h6>\n<p>[\/vc_column_text][vc_column_text el_class=&#8221;bg-gray pre-line-green&#8221; css=&#8221;.vc_custom_1528488013332{margin-top: 0px !important;margin-bottom: 0px !important;padding-top: 2rem !important;padding-right: 1rem !important;padding-left: 1rem !important;}&#8221;]<\/p>\n<h6>ERGONOM\u00cdA + BIENESTAR<\/h6>\n<p>[\/vc_column_text][vc_column_text el_class=&#8221;bg-gray&#8221; css=&#8221;.vc_custom_1739997952311{margin-top: 0px !important;margin-bottom: 0px !important;padding-right: 1rem !important;padding-bottom: 30px !important;padding-left: 1rem !important;}&#8221;]Programa atendido por\u00a0especialistas. Analizamos los\u00a0puestos de trabajo, para\u00a0colaborar con las empresas en el\u00a0cumplimiento de la normativa\u00a0vigente y en la mejora de la\u00a0calidad de vida laboral. Buscamos reducir\u00a0riesgos y mejorar el bienestar.[\/vc_column_text][\/vc_column][\/vc_row][vc_row el_class=&#8221;container prevension mobile-full-width hidden-xs hidden-sm&#8221; css=&#8221;.vc_custom_1529440494329{margin-top: 1rem !important;margin-bottom: 3rem !important;}&#8221;][vc_column el_class=&#8221;col-md-12&#8243;][vc_column_text el_class=&#8221;bg-dark-gray link-laboratorio&#8221; css=&#8221;.vc_custom_1536786049753{padding-top: 1rem !important;padding-right: 1rem !important;padding-bottom: 1rem !important;padding-left: 1rem !important;}&#8221;]<a href=\"\/art\/laboratorio-de-innovacion\"><span style=\"color: #ffffff;\"><strong>LABORATORIO DE INNOVACI\u00d3N TECNOL\u00d3GICA<br \/>\n<\/strong>APRENDIZAJE + TECNOLOG\u00cdA APLICADA<\/span> <strong><br \/>\n<\/strong><\/a>[\/vc_column_text][\/vc_column][\/vc_row][vc_row el_class=&#8221;container prevension mobile-full-width visible-xs visible-sm&#8221; css=&#8221;.vc_custom_1739997887121{margin-top: 3rem !important;margin-bottom: 3rem !important;}&#8221;][vc_column el_class=&#8221;col-md-12&#8243;][vc_column_text el_class=&#8221;bg-dark-gray link-laboratorio&#8221; css=&#8221;.vc_custom_1536786038032{padding-top: 1rem !important;padding-right: 1rem !important;padding-bottom: 1rem !important;padding-left: 1rem !important;}&#8221;]<a href=\"\/art\/laboratorio-de-innovacion\"><span style=\"color: #ffffff;\"><strong>LABORATORIO DE<br \/>\nINNOVACI\u00d3N TECNOL\u00d3GICA<br \/>\n<\/strong>APRENDIZAJE +<br \/>\nTECNOLOG\u00cdA APLICADA<\/span> <strong><br \/>\n<\/strong><\/a>[\/vc_column_text][\/vc_column][\/vc_row][vc_row el_class=&#8221;container hidden-xs hidden-sm&#8221;][vc_column][vc_empty_space el_class=&#8221;container&#8221;][\/vc_column][\/vc_row]<\/p>\n<\/div>","protected":false},"excerpt":{"rendered":"<p>[\/vc_row][vc_row el_class=&#8221;container prevension&#8221;][vc_column][vc_column_text el_class=&#8221;prevension-desc line-height&#8221;]Trabajamos con la firme convicci\u00f3n de dar el mejor servicio, y entendemos a la tarea de\u00a0prevenci\u00f3n como el punto clave en nuestra gesti\u00f3n. Es nuestro valor agregado, lo que\u00a0nos diferencia como ART, y [&hellip;]<\/p>\n","protected":false},"author":1,"featured_media":0,"parent":0,"menu_order":0,"comment_status":"closed","ping_status":"closed","template":"template-fullwidth.php","meta":{"jetpack_post_was_ever_published":false,"footnotes":""},"class_list":["post-1215","page","type-page","status-publish","hentry"],"wps_subtitle":"","jetpack_sharing_enabled":true,"jetpack_shortlink":"https:\/\/wp.me\/PgePpP-jB","_links":{"self":[{"href":"https:\/\/experta.urlconceptsite.com\/art\/wp-json\/wp\/v2\/pages\/1215","targetHints":{"allow":["GET"]}}],"collection":[{"href":"https:\/\/experta.urlconceptsite.com\/art\/wp-json\/wp\/v2\/pages"}],"about":[{"href":"https:\/\/experta.urlconceptsite.com\/art\/wp-json\/wp\/v2\/types\/page"}],"author":[{"embeddable":true,"href":"https:\/\/experta.urlconceptsite.com\/art\/wp-json\/wp\/v2\/users\/1"}],"replies":[{"embeddable":true,"href":"https:\/\/experta.urlconceptsite.com\/art\/wp-json\/wp\/v2\/comments?post=1215"}],"version-history":[{"count":12,"href":"https:\/\/experta.urlconceptsite.com\/art\/wp-json\/wp\/v2\/pages\/1215\/revisions"}],"predecessor-version":[{"id":5182,"href":"https:\/\/experta.urlconceptsite.com\/art\/wp-json\/wp\/v2\/pages\/1215\/revisions\/5182"}],"wp:attachment":[{"href":"https:\/\/experta.urlconceptsite.com\/art\/wp-json\/wp\/v2\/media?parent=1215"}],"curies":[{"name":"wp","href":"https:\/\/api.w.org\/{rel}","templated":true}]}}